{"id":705,"date":"2020-10-10T16:36:40","date_gmt":"2020-10-10T09:36:40","guid":{"rendered":"http:\/\/gioithieucongty4.lamgia.asia\/?post_type=product&#038;p=705"},"modified":"2026-02-17T18:31:39","modified_gmt":"2026-02-17T18:31:39","slug":"bot-tram-huong-loai-1","status":"publish","type":"product","link":"https:\/\/m.mmoempire-nasjcnsjknc-sabckbs-pgbogko-snacjasssos4.com\/?product=bot-tram-huong-loai-1","title":{"rendered":"B\u1ed9t tr\u1ea7m h\u01b0\u01a1ng lo\u1ea1i 1"},"content":{"rendered":"<p>&#8211; L\u00e0m s\u1ea1ch kh\u00f4ng kh\u00ed.<\/p>\n<p>&#8211; Gi\u1ea3m stress, gi\u00fap ng\u1ee7 ngon gi\u1ea5c.<\/p>\n<p>&#8211; Kh\u1eed m\u00f9i h\u00f4i, \u1ea9m m\u00f3c, thu\u1ed1c l\u00e1.<\/p>\n<p>&#8211; Nhi\u1ec1u ng\u01b0\u1eddi c\u00f2n mua tr\u1ea7m v\u1ec1 \u0111\u1ec3 \u0111\u1ed1t tr\u01b0\u1edbc khi v\u00e0o nh\u00e0 m\u1edbi \u0111\u1ec3 l\u1ea5y may v\u00e0 \u0111\u1eb7c bi\u1ec7t \u0111\u1ec3 kh\u1eed \u0111\u1ed9c do s\u01a1n \u1edf nh\u00e0 m\u1edbi.<\/p>\n<p>&#8211; L\u00e0m ch\u1ea5t \u0111\u1ecbnh h\u01b0\u01a1ng trong c\u00f4ng nghi\u1ec7p s\u1ea3n xu\u1ea5t n\u01b0\u1edbc hoa v\u00e0 m\u1ef9 ph\u1ea9m cao c\u1ea5p.<\/p>\n<p>&#8211; Xoa b\u00f3p, \u0111\u1eb7c bi\u1ec7t hi\u1ec7u qu\u1ea3 v\u1edbi c\u00e1c tr\u01b0\u1eddng h\u1ee3p \u0111au nh\u1ee9c c\u01a1, d\u00e2y th\u1ea7n kinh.<\/p>\n<p>&#8211; S\u00e1t khu\u1ea9n, ti\u1ec7t tr\u00f9ng.<\/p>\n<p>&#8211; B\u00f4i mu\u1ed7i \u0111\u1ed1t, c\u00f4n tr\u00f9ng c\u1eafn, l\u00e0m d\u1ecbu v\u1ebft b\u1ecfng, n\u1ed1t ng\u1ee9a.<\/p>\n<p>&#8211; \u0110\u1ec3 trong xe \u00f4 t\u00f4, gi\u00fap l\u00e0m s\u1ea1ch kh\u00f4ng kh\u00ed trong xe.<\/p>\n","protected":false},"excerpt":{"rendered":"<p>B\u1ed9t tr\u1ea7m h\u01b0\u01a1ng NT10 \u0111\u01b0\u1ee3c l\u00e0m t\u1eeb tr\u1ea7m h\u01b0\u01a1ng t\u1ef1 nhi\u00ean xay nh\u1ecf, c\u00f4ng d\u1ee5ng \u0111\u1ec3 x\u00f4ng n\u00f3ng v\u1edbi b\u1ebfp \u0111i\u1ec7n \u0111\u1ec3 th\u01a1m kh\u00f4ng gian xung quanh, d\u00f9ng \u0111\u1ec3 giao ti\u1ebfp t\u00e2m linh&#8230;<\/p>\n","protected":false},"featured_media":706,"comment_status":"open","ping_status":"closed","template":"","meta":[],"product_cat":[17],"product_tag":[],"class_list":{"0":"post-705","1":"product","2":"type-product","3":"status-publish","4":"has-post-thumbnail","6":"product_cat-tram-huong","8":"first","9":"instock","10":"shipping-taxable","11":"purchasable","12":"product-type-simple"},"yoast_head":"<!-- This site is optimized with the Yoast SEO plugin v19.6.1 - https:\/\/yoast.com\/wordpress\/plugins\/seo\/ -->\n<title>B\u1ed9t tr\u1ea7m h\u01b0\u01a1ng lo\u1ea1i 1 - Tr\u1ea7m h\u01b0\u01a1ng<\/title>\n<meta name=\"robots\" content=\"noindex, follow, max-snippet:-1, max-image-preview:large, max-video-preview:-1\" \/>\n<meta property=\"og:locale\" content=\"vi_VN\" \/>\n<meta property=\"og:type\" content=\"article\" \/>\n<meta property=\"og:title\" content=\"B\u1ed9t tr\u1ea7m h\u01b0\u01a1ng lo\u1ea1i 1 - Tr\u1ea7m h\u01b0\u01a1ng\" \/>\n<meta property=\"og:description\" content=\"B\u1ed9t tr\u1ea7m h\u01b0\u01a1ng NT10 \u0111\u01b0\u1ee3c l\u00e0m t\u1eeb tr\u1ea7m h\u01b0\u01a1ng t\u1ef1 nhi\u00ean xay nh\u1ecf, c\u00f4ng d\u1ee5ng \u0111\u1ec3 x\u00f4ng n\u00f3ng v\u1edbi b\u1ebfp \u0111i\u1ec7n \u0111\u1ec3 th\u01a1m kh\u00f4ng gian xung quanh, d\u00f9ng \u0111\u1ec3 giao ti\u1ebfp t\u00e2m linh...\" \/>\n<meta property=\"og:url\" content=\"https:\/\/m.mmoempire-nasjcnsjknc-sabckbs-pgbogko-snacjasssos4.com\/?product=bot-tram-huong-loai-1\" \/>\n<meta property=\"og:site_name\" content=\"Tr\u1ea7m h\u01b0\u01a1ng\" \/>\n<meta property=\"article:modified_time\" content=\"2026-02-17T18:31:39+00:00\" \/>\n<meta property=\"og:image\" content=\"https:\/\/m.mmoempire-nasjcnsjknc-sabckbs-pgbogko-snacjasssos4.com\/wp-content\/uploads\/2020\/10\/tram-nu-NT09.jpg\" \/>\n\t<meta property=\"og:image:width\" content=\"403\" \/>\n\t<meta property=\"og:image:height\" content=\"403\" \/>\n\t<meta property=\"og:image:type\" content=\"image\/jpeg\" \/>\n<meta name=\"twitter:card\" content=\"summary_large_image\" \/>\n<meta name=\"twitter:label1\" content=\"\u01af\u1edbc t\u00ednh th\u1eddi gian \u0111\u1ecdc\" \/>\n\t<meta name=\"twitter:data1\" content=\"1 ph\u00fat\" \/>\n<script type=\"application\/ld+json\" class=\"yoast-schema-graph\">{\"@context\":\"https:\/\/schema.org\",\"@graph\":[{\"@type\":\"WebPage\",\"@id\":\"https:\/\/m.mmoempire-nasjcnsjknc-sabckbs-pgbogko-snacjasssos4.com\/?product=bot-tram-huong-loai-1\",\"url\":\"https:\/\/m.mmoempire-nasjcnsjknc-sabckbs-pgbogko-snacjasssos4.com\/?product=bot-tram-huong-loai-1\",\"name\":\"B\u1ed9t tr\u1ea7m h\u01b0\u01a1ng lo\u1ea1i 1 - Tr\u1ea7m h\u01b0\u01a1ng\",\"isPartOf\":{\"@id\":\"https:\/\/m.mmoempire-nasjcnsjknc-sabckbs-pgbogko-snacjasssos4.com\/#website\"},\"datePublished\":\"2020-10-10T09:36:40+00:00\",\"dateModified\":\"2026-02-17T18:31:39+00:00\",\"breadcrumb\":{\"@id\":\"https:\/\/m.mmoempire-nasjcnsjknc-sabckbs-pgbogko-snacjasssos4.com\/?product=bot-tram-huong-loai-1#breadcrumb\"},\"inLanguage\":\"vi\",\"potentialAction\":[{\"@type\":\"ReadAction\",\"target\":[\"https:\/\/m.mmoempire-nasjcnsjknc-sabckbs-pgbogko-snacjasssos4.com\/?product=bot-tram-huong-loai-1\"]}]},{\"@type\":\"BreadcrumbList\",\"@id\":\"https:\/\/m.mmoempire-nasjcnsjknc-sabckbs-pgbogko-snacjasssos4.com\/?product=bot-tram-huong-loai-1#breadcrumb\",\"itemListElement\":[{\"@type\":\"ListItem\",\"position\":1,\"name\":\"Trang ch\u1ee7\",\"item\":\"https:\/\/m.mmoempire-nasjcnsjknc-sabckbs-pgbogko-snacjasssos4.com\/\"},{\"@type\":\"ListItem\",\"position\":2,\"name\":\"C\u1eeda h\u00e0ng\",\"item\":\"https:\/\/m.mmoempire-nasjcnsjknc-sabckbs-pgbogko-snacjasssos4.com\/?page_id=9\"},{\"@type\":\"ListItem\",\"position\":3,\"name\":\"B\u1ed9t tr\u1ea7m h\u01b0\u01a1ng lo\u1ea1i 1\"}]},{\"@type\":\"WebSite\",\"@id\":\"https:\/\/m.mmoempire-nasjcnsjknc-sabckbs-pgbogko-snacjasssos4.com\/#website\",\"url\":\"https:\/\/m.mmoempire-nasjcnsjknc-sabckbs-pgbogko-snacjasssos4.com\/\",\"name\":\"Tr\u1ea7m h\u01b0\u01a1ng\",\"description\":\"\",\"potentialAction\":[{\"@type\":\"SearchAction\",\"target\":{\"@type\":\"EntryPoint\",\"urlTemplate\":\"https:\/\/m.mmoempire-nasjcnsjknc-sabckbs-pgbogko-snacjasssos4.com\/?s={search_term_string}\"},\"query-input\":\"required name=search_term_string\"}],\"inLanguage\":\"vi\"}]}<\/script>\n<!-- \/ Yoast SEO plugin. -->","yoast_head_json":{"title":"B\u1ed9t tr\u1ea7m h\u01b0\u01a1ng lo\u1ea1i 1 - Tr\u1ea7m h\u01b0\u01a1ng","robots":{"index":"noindex","follow":"follow","max-snippet":"max-snippet:-1","max-image-preview":"max-image-preview:large","max-video-preview":"max-video-preview:-1"},"og_locale":"vi_VN","og_type":"article","og_title":"B\u1ed9t tr\u1ea7m h\u01b0\u01a1ng lo\u1ea1i 1 - Tr\u1ea7m h\u01b0\u01a1ng","og_description":"B\u1ed9t tr\u1ea7m h\u01b0\u01a1ng NT10 \u0111\u01b0\u1ee3c l\u00e0m t\u1eeb tr\u1ea7m h\u01b0\u01a1ng t\u1ef1 nhi\u00ean xay nh\u1ecf, c\u00f4ng d\u1ee5ng \u0111\u1ec3 x\u00f4ng n\u00f3ng v\u1edbi b\u1ebfp \u0111i\u1ec7n \u0111\u1ec3 th\u01a1m kh\u00f4ng gian xung quanh, d\u00f9ng \u0111\u1ec3 giao ti\u1ebfp t\u00e2m linh...","og_url":"https:\/\/m.mmoempire-nasjcnsjknc-sabckbs-pgbogko-snacjasssos4.com\/?product=bot-tram-huong-loai-1","og_site_name":"Tr\u1ea7m h\u01b0\u01a1ng","article_modified_time":"2026-02-17T18:31:39+00:00","og_image":[{"width":403,"height":403,"url":"https:\/\/m.mmoempire-nasjcnsjknc-sabckbs-pgbogko-snacjasssos4.com\/wp-content\/uploads\/2020\/10\/tram-nu-NT09.jpg","type":"image\/jpeg"}],"twitter_card":"summary_large_image","twitter_misc":{"\u01af\u1edbc t\u00ednh th\u1eddi gian \u0111\u1ecdc":"1 ph\u00fat"},"schema":{"@context":"https:\/\/schema.org","@graph":[{"@type":"WebPage","@id":"https:\/\/m.mmoempire-nasjcnsjknc-sabckbs-pgbogko-snacjasssos4.com\/?product=bot-tram-huong-loai-1","url":"https:\/\/m.mmoempire-nasjcnsjknc-sabckbs-pgbogko-snacjasssos4.com\/?product=bot-tram-huong-loai-1","name":"B\u1ed9t tr\u1ea7m h\u01b0\u01a1ng lo\u1ea1i 1 - Tr\u1ea7m h\u01b0\u01a1ng","isPartOf":{"@id":"https:\/\/m.mmoempire-nasjcnsjknc-sabckbs-pgbogko-snacjasssos4.com\/#website"},"datePublished":"2020-10-10T09:36:40+00:00","dateModified":"2026-02-17T18:31:39+00:00","breadcrumb":{"@id":"https:\/\/m.mmoempire-nasjcnsjknc-sabckbs-pgbogko-snacjasssos4.com\/?product=bot-tram-huong-loai-1#breadcrumb"},"inLanguage":"vi","potentialAction":[{"@type":"ReadAction","target":["https:\/\/m.mmoempire-nasjcnsjknc-sabckbs-pgbogko-snacjasssos4.com\/?product=bot-tram-huong-loai-1"]}]},{"@type":"BreadcrumbList","@id":"https:\/\/m.mmoempire-nasjcnsjknc-sabckbs-pgbogko-snacjasssos4.com\/?product=bot-tram-huong-loai-1#breadcrumb","itemListElement":[{"@type":"ListItem","position":1,"name":"Trang ch\u1ee7","item":"https:\/\/m.mmoempire-nasjcnsjknc-sabckbs-pgbogko-snacjasssos4.com\/"},{"@type":"ListItem","position":2,"name":"C\u1eeda h\u00e0ng","item":"https:\/\/m.mmoempire-nasjcnsjknc-sabckbs-pgbogko-snacjasssos4.com\/?page_id=9"},{"@type":"ListItem","position":3,"name":"B\u1ed9t tr\u1ea7m h\u01b0\u01a1ng lo\u1ea1i 1"}]},{"@type":"WebSite","@id":"https:\/\/m.mmoempire-nasjcnsjknc-sabckbs-pgbogko-snacjasssos4.com\/#website","url":"https:\/\/m.mmoempire-nasjcnsjknc-sabckbs-pgbogko-snacjasssos4.com\/","name":"Tr\u1ea7m h\u01b0\u01a1ng","description":"","potentialAction":[{"@type":"SearchAction","target":{"@type":"EntryPoint","urlTemplate":"https:\/\/m.mmoempire-nasjcnsjknc-sabckbs-pgbogko-snacjasssos4.com\/?s={search_term_string}"},"query-input":"required name=search_term_string"}],"inLanguage":"vi"}]}},"_links":{"self":[{"href":"https:\/\/m.mmoempire-nasjcnsjknc-sabckbs-pgbogko-snacjasssos4.com\/index.php?rest_route=\/wp\/v2\/product\/705","targetHints":{"allow":["GET"]}}],"collection":[{"href":"https:\/\/m.mmoempire-nasjcnsjknc-sabckbs-pgbogko-snacjasssos4.com\/index.php?rest_route=\/wp\/v2\/product"}],"about":[{"href":"https:\/\/m.mmoempire-nasjcnsjknc-sabckbs-pgbogko-snacjasssos4.com\/index.php?rest_route=\/wp\/v2\/types\/product"}],"replies":[{"embeddable":true,"href":"https:\/\/m.mmoempire-nasjcnsjknc-sabckbs-pgbogko-snacjasssos4.com\/index.php?rest_route=%2Fwp%2Fv2%2Fcomments&post=705"}],"wp:featuredmedia":[{"embeddable":true,"href":"https:\/\/m.mmoempire-nasjcnsjknc-sabckbs-pgbogko-snacjasssos4.com\/index.php?rest_route=\/wp\/v2\/media\/706"}],"wp:attachment":[{"href":"https:\/\/m.mmoempire-nasjcnsjknc-sabckbs-pgbogko-snacjasssos4.com\/index.php?rest_route=%2Fwp%2Fv2%2Fmedia&parent=705"}],"wp:term":[{"taxonomy":"product_cat","embeddable":true,"href":"https:\/\/m.mmoempire-nasjcnsjknc-sabckbs-pgbogko-snacjasssos4.com\/index.php?rest_route=%2Fwp%2Fv2%2Fproduct_cat&post=705"},{"taxonomy":"product_tag","embeddable":true,"href":"https:\/\/m.mmoempire-nasjcnsjknc-sabckbs-pgbogko-snacjasssos4.com\/index.php?rest_route=%2Fwp%2Fv2%2Fproduct_tag&post=705"}],"curies":[{"name":"wp","href":"https:\/\/api.w.org\/{rel}","templated":true}]}}