{"id":703,"date":"2020-10-10T16:35:11","date_gmt":"2020-10-10T09:35:11","guid":{"rendered":"http:\/\/gioithieucongty4.lamgia.asia\/?post_type=product&amp;p=703"},"modified":"2020-10-10T16:35:11","modified_gmt":"2020-10-10T09:35:11","slug":"vong-deo-tay-tram-huong-2","status":"publish","type":"product","link":"https:\/\/m.mmoempire-nasjcnsjknc-sabckbs-pgbogko-snacjasssos4.com\/?product=vong-deo-tay-tram-huong-2","title":{"rendered":"V\u00f2ng \u0111eo tay Tr\u1ea7m H\u01b0\u01a1ng 2"},"content":{"rendered":"<p>V\u00f2ng tr\u1ea7m h\u01b0\u01a1ng VT173 \u0111\u01b0\u1ee3c l\u00e0m t\u1eeb tr\u1ea7m h\u01b0\u01a1ng t\u1ef1 nhi\u00ean Indonesia. Ch\u1ea5t g\u1ed7 c\u1ee9ng k\u00e8m theo \u0111\u00f3 l\u00e0 l\u01b0\u1ee3ng d\u1ea7u t\u1eadp trung ph\u00eda ngo\u00e0i \u0111en v\u00e0 \u0111\u1eb9p. S\u1ea3n ph\u1ea9m r\u1ea5t th\u1eddi trang v\u00e0 phong c\u00e1ch.<br \/>\nB\u1ea3n tr\u1ea7m to th\u00edch h\u1ee3p cho nam c\u00f3 khu\u00f4n tay tr\u00f2n.<\/p>\n<p>Kh\u00e1ch h\u00e0ng c\u00f3 th\u1ec3 b\u1ecdc v\u00e0ng vi\u1ec1n s\u1ebd t\u00f4n th\u00eam v\u1ebb sang tr\u1ecdng.<\/p>\n<p>\u0110\u00e2y l\u00e0 s\u1ea3n ph\u1ea9m \u0111\u1ed9c v\u00e0 l\u1ea1 m\u1eaft.<\/p>\n","protected":false},"excerpt":{"rendered":"<p>V\u00f2ng tr\u1ea7m h\u01b0\u01a1ng VT173 \u0111\u01b0\u1ee3c l\u00e0m t\u1eeb tr\u1ea7m h\u01b0\u01a1ng t\u1ef1 nhi\u00ean Indonesia. Ch\u1ea5t g\u1ed7 c\u1ee9ng k\u00e8m theo \u0111\u00f3 l\u00e0 l\u01b0\u1ee3ng d\u1ea7u t\u1eadp trung ph\u00eda ngo\u00e0i \u0111en v\u00e0 \u0111\u1eb9p. S\u1ea3n ph\u1ea9m r\u1ea5t th\u1eddi trang v\u00e0 phong c\u00e1ch.<br \/>\nB\u1ea3n tr\u1ea7m to th\u00edch h\u1ee3p cho nam c\u00f3 khu\u00f4n tay tr\u00f2n.<\/p>\n","protected":false},"featured_media":704,"comment_status":"open","ping_status":"closed","template":"","meta":[],"product_cat":[17],"product_tag":[],"class_list":{"0":"post-703","1":"product","2":"type-product","3":"status-publish","4":"has-post-thumbnail","6":"product_cat-tram-huong","8":"first","9":"instock","10":"shipping-taxable","11":"purchasable","12":"product-type-simple"},"yoast_head":"<!-- This site is optimized with the Yoast SEO plugin v19.6.1 - https:\/\/yoast.com\/wordpress\/plugins\/seo\/ -->\n<title>V\u00f2ng \u0111eo tay Tr\u1ea7m H\u01b0\u01a1ng 2 - Tr\u1ea7m h\u01b0\u01a1ng<\/title>\n<meta name=\"robots\" content=\"noindex, follow, max-snippet:-1, max-image-preview:large, max-video-preview:-1\" \/>\n<meta property=\"og:locale\" content=\"vi_VN\" \/>\n<meta property=\"og:type\" content=\"article\" \/>\n<meta property=\"og:title\" content=\"V\u00f2ng \u0111eo tay Tr\u1ea7m H\u01b0\u01a1ng 2 - Tr\u1ea7m h\u01b0\u01a1ng\" \/>\n<meta property=\"og:description\" content=\"V\u00f2ng tr\u1ea7m h\u01b0\u01a1ng VT173 \u0111\u01b0\u1ee3c l\u00e0m t\u1eeb tr\u1ea7m h\u01b0\u01a1ng t\u1ef1 nhi\u00ean Indonesia. Ch\u1ea5t g\u1ed7 c\u1ee9ng k\u00e8m theo \u0111\u00f3 l\u00e0 l\u01b0\u1ee3ng d\u1ea7u t\u1eadp trung ph\u00eda ngo\u00e0i \u0111en v\u00e0 \u0111\u1eb9p. S\u1ea3n ph\u1ea9m r\u1ea5t th\u1eddi trang v\u00e0 phong c\u00e1ch. B\u1ea3n tr\u1ea7m to th\u00edch h\u1ee3p cho nam c\u00f3 khu\u00f4n tay tr\u00f2n.\" \/>\n<meta property=\"og:url\" content=\"https:\/\/m.mmoempire-nasjcnsjknc-sabckbs-pgbogko-snacjasssos4.com\/?product=vong-deo-tay-tram-huong-2\" \/>\n<meta property=\"og:site_name\" content=\"Tr\u1ea7m h\u01b0\u01a1ng\" \/>\n<meta property=\"og:image\" content=\"https:\/\/m.mmoempire-nasjcnsjknc-sabckbs-pgbogko-snacjasssos4.com\/wp-content\/uploads\/2020\/10\/vong-tay-tram-huong-vt173.jpg\" \/>\n\t<meta property=\"og:image:width\" content=\"720\" \/>\n\t<meta property=\"og:image:height\" content=\"720\" \/>\n\t<meta property=\"og:image:type\" content=\"image\/jpeg\" \/>\n<meta name=\"twitter:card\" content=\"summary_large_image\" \/>\n<meta name=\"twitter:label1\" content=\"\u01af\u1edbc t\u00ednh th\u1eddi gian \u0111\u1ecdc\" \/>\n\t<meta name=\"twitter:data1\" content=\"1 ph\u00fat\" \/>\n<script type=\"application\/ld+json\" class=\"yoast-schema-graph\">{\"@context\":\"https:\/\/schema.org\",\"@graph\":[{\"@type\":\"WebPage\",\"@id\":\"https:\/\/m.mmoempire-nasjcnsjknc-sabckbs-pgbogko-snacjasssos4.com\/?product=vong-deo-tay-tram-huong-2\",\"url\":\"https:\/\/m.mmoempire-nasjcnsjknc-sabckbs-pgbogko-snacjasssos4.com\/?product=vong-deo-tay-tram-huong-2\",\"name\":\"V\u00f2ng \u0111eo tay Tr\u1ea7m H\u01b0\u01a1ng 2 - Tr\u1ea7m h\u01b0\u01a1ng\",\"isPartOf\":{\"@id\":\"https:\/\/m.mmoempire-nasjcnsjknc-sabckbs-pgbogko-snacjasssos4.com\/#website\"},\"datePublished\":\"2020-10-10T09:35:11+00:00\",\"dateModified\":\"2020-10-10T09:35:11+00:00\",\"breadcrumb\":{\"@id\":\"https:\/\/m.mmoempire-nasjcnsjknc-sabckbs-pgbogko-snacjasssos4.com\/?product=vong-deo-tay-tram-huong-2#breadcrumb\"},\"inLanguage\":\"vi\",\"potentialAction\":[{\"@type\":\"ReadAction\",\"target\":[\"https:\/\/m.mmoempire-nasjcnsjknc-sabckbs-pgbogko-snacjasssos4.com\/?product=vong-deo-tay-tram-huong-2\"]}]},{\"@type\":\"BreadcrumbList\",\"@id\":\"https:\/\/m.mmoempire-nasjcnsjknc-sabckbs-pgbogko-snacjasssos4.com\/?product=vong-deo-tay-tram-huong-2#breadcrumb\",\"itemListElement\":[{\"@type\":\"ListItem\",\"position\":1,\"name\":\"Trang ch\u1ee7\",\"item\":\"https:\/\/m.mmoempire-nasjcnsjknc-sabckbs-pgbogko-snacjasssos4.com\/\"},{\"@type\":\"ListItem\",\"position\":2,\"name\":\"C\u1eeda h\u00e0ng\",\"item\":\"https:\/\/m.mmoempire-nasjcnsjknc-sabckbs-pgbogko-snacjasssos4.com\/?page_id=9\"},{\"@type\":\"ListItem\",\"position\":3,\"name\":\"V\u00f2ng \u0111eo tay Tr\u1ea7m H\u01b0\u01a1ng 2\"}]},{\"@type\":\"WebSite\",\"@id\":\"https:\/\/m.mmoempire-nasjcnsjknc-sabckbs-pgbogko-snacjasssos4.com\/#website\",\"url\":\"https:\/\/m.mmoempire-nasjcnsjknc-sabckbs-pgbogko-snacjasssos4.com\/\",\"name\":\"Tr\u1ea7m h\u01b0\u01a1ng\",\"description\":\"\",\"potentialAction\":[{\"@type\":\"SearchAction\",\"target\":{\"@type\":\"EntryPoint\",\"urlTemplate\":\"https:\/\/m.mmoempire-nasjcnsjknc-sabckbs-pgbogko-snacjasssos4.com\/?s={search_term_string}\"},\"query-input\":\"required name=search_term_string\"}],\"inLanguage\":\"vi\"}]}<\/script>\n<!-- \/ Yoast SEO plugin. -->","yoast_head_json":{"title":"V\u00f2ng \u0111eo tay Tr\u1ea7m H\u01b0\u01a1ng 2 - Tr\u1ea7m h\u01b0\u01a1ng","robots":{"index":"noindex","follow":"follow","max-snippet":"max-snippet:-1","max-image-preview":"max-image-preview:large","max-video-preview":"max-video-preview:-1"},"og_locale":"vi_VN","og_type":"article","og_title":"V\u00f2ng \u0111eo tay Tr\u1ea7m H\u01b0\u01a1ng 2 - Tr\u1ea7m h\u01b0\u01a1ng","og_description":"V\u00f2ng tr\u1ea7m h\u01b0\u01a1ng VT173 \u0111\u01b0\u1ee3c l\u00e0m t\u1eeb tr\u1ea7m h\u01b0\u01a1ng t\u1ef1 nhi\u00ean Indonesia. Ch\u1ea5t g\u1ed7 c\u1ee9ng k\u00e8m theo \u0111\u00f3 l\u00e0 l\u01b0\u1ee3ng d\u1ea7u t\u1eadp trung ph\u00eda ngo\u00e0i \u0111en v\u00e0 \u0111\u1eb9p. S\u1ea3n ph\u1ea9m r\u1ea5t th\u1eddi trang v\u00e0 phong c\u00e1ch. B\u1ea3n tr\u1ea7m to th\u00edch h\u1ee3p cho nam c\u00f3 khu\u00f4n tay tr\u00f2n.","og_url":"https:\/\/m.mmoempire-nasjcnsjknc-sabckbs-pgbogko-snacjasssos4.com\/?product=vong-deo-tay-tram-huong-2","og_site_name":"Tr\u1ea7m h\u01b0\u01a1ng","og_image":[{"width":720,"height":720,"url":"https:\/\/m.mmoempire-nasjcnsjknc-sabckbs-pgbogko-snacjasssos4.com\/wp-content\/uploads\/2020\/10\/vong-tay-tram-huong-vt173.jpg","type":"image\/jpeg"}],"twitter_card":"summary_large_image","twitter_misc":{"\u01af\u1edbc t\u00ednh th\u1eddi gian \u0111\u1ecdc":"1 ph\u00fat"},"schema":{"@context":"https:\/\/schema.org","@graph":[{"@type":"WebPage","@id":"https:\/\/m.mmoempire-nasjcnsjknc-sabckbs-pgbogko-snacjasssos4.com\/?product=vong-deo-tay-tram-huong-2","url":"https:\/\/m.mmoempire-nasjcnsjknc-sabckbs-pgbogko-snacjasssos4.com\/?product=vong-deo-tay-tram-huong-2","name":"V\u00f2ng \u0111eo tay Tr\u1ea7m H\u01b0\u01a1ng 2 - Tr\u1ea7m h\u01b0\u01a1ng","isPartOf":{"@id":"https:\/\/m.mmoempire-nasjcnsjknc-sabckbs-pgbogko-snacjasssos4.com\/#website"},"datePublished":"2020-10-10T09:35:11+00:00","dateModified":"2020-10-10T09:35:11+00:00","breadcrumb":{"@id":"https:\/\/m.mmoempire-nasjcnsjknc-sabckbs-pgbogko-snacjasssos4.com\/?product=vong-deo-tay-tram-huong-2#breadcrumb"},"inLanguage":"vi","potentialAction":[{"@type":"ReadAction","target":["https:\/\/m.mmoempire-nasjcnsjknc-sabckbs-pgbogko-snacjasssos4.com\/?product=vong-deo-tay-tram-huong-2"]}]},{"@type":"BreadcrumbList","@id":"https:\/\/m.mmoempire-nasjcnsjknc-sabckbs-pgbogko-snacjasssos4.com\/?product=vong-deo-tay-tram-huong-2#breadcrumb","itemListElement":[{"@type":"ListItem","position":1,"name":"Trang ch\u1ee7","item":"https:\/\/m.mmoempire-nasjcnsjknc-sabckbs-pgbogko-snacjasssos4.com\/"},{"@type":"ListItem","position":2,"name":"C\u1eeda h\u00e0ng","item":"https:\/\/m.mmoempire-nasjcnsjknc-sabckbs-pgbogko-snacjasssos4.com\/?page_id=9"},{"@type":"ListItem","position":3,"name":"V\u00f2ng \u0111eo tay Tr\u1ea7m H\u01b0\u01a1ng 2"}]},{"@type":"WebSite","@id":"https:\/\/m.mmoempire-nasjcnsjknc-sabckbs-pgbogko-snacjasssos4.com\/#website","url":"https:\/\/m.mmoempire-nasjcnsjknc-sabckbs-pgbogko-snacjasssos4.com\/","name":"Tr\u1ea7m h\u01b0\u01a1ng","description":"","potentialAction":[{"@type":"SearchAction","target":{"@type":"EntryPoint","urlTemplate":"https:\/\/m.mmoempire-nasjcnsjknc-sabckbs-pgbogko-snacjasssos4.com\/?s={search_term_string}"},"query-input":"required name=search_term_string"}],"inLanguage":"vi"}]}},"_links":{"self":[{"href":"https:\/\/m.mmoempire-nasjcnsjknc-sabckbs-pgbogko-snacjasssos4.com\/index.php?rest_route=\/wp\/v2\/product\/703","targetHints":{"allow":["GET"]}}],"collection":[{"href":"https:\/\/m.mmoempire-nasjcnsjknc-sabckbs-pgbogko-snacjasssos4.com\/index.php?rest_route=\/wp\/v2\/product"}],"about":[{"href":"https:\/\/m.mmoempire-nasjcnsjknc-sabckbs-pgbogko-snacjasssos4.com\/index.php?rest_route=\/wp\/v2\/types\/product"}],"replies":[{"embeddable":true,"href":"https:\/\/m.mmoempire-nasjcnsjknc-sabckbs-pgbogko-snacjasssos4.com\/index.php?rest_route=%2Fwp%2Fv2%2Fcomments&post=703"}],"wp:featuredmedia":[{"embeddable":true,"href":"https:\/\/m.mmoempire-nasjcnsjknc-sabckbs-pgbogko-snacjasssos4.com\/index.php?rest_route=\/wp\/v2\/media\/704"}],"wp:attachment":[{"href":"https:\/\/m.mmoempire-nasjcnsjknc-sabckbs-pgbogko-snacjasssos4.com\/index.php?rest_route=%2Fwp%2Fv2%2Fmedia&parent=703"}],"wp:term":[{"taxonomy":"product_cat","embeddable":true,"href":"https:\/\/m.mmoempire-nasjcnsjknc-sabckbs-pgbogko-snacjasssos4.com\/index.php?rest_route=%2Fwp%2Fv2%2Fproduct_cat&post=703"},{"taxonomy":"product_tag","embeddable":true,"href":"https:\/\/m.mmoempire-nasjcnsjknc-sabckbs-pgbogko-snacjasssos4.com\/index.php?rest_route=%2Fwp%2Fv2%2Fproduct_tag&post=703"}],"curies":[{"name":"wp","href":"https:\/\/api.w.org\/{rel}","templated":true}]}}