{"id":32,"date":"2019-08-02T22:54:36","date_gmt":"2019-08-02T15:54:36","guid":{"rendered":"http:\/\/gioithieucongty4.lamgia.asia\/?page_id=32"},"modified":"2022-09-13T01:05:27","modified_gmt":"2022-09-13T01:05:27","slug":"lien-he","status":"publish","type":"page","link":"https:\/\/m.mmoempire-nasjcnsjknc-sabckbs-pgbogko-snacjasssos4.com\/?page_id=32","title":{"rendered":"Li\u00ean h\u1ec7"},"content":{"rendered":"\n<div class=\"row\"  id=\"row-1798862668\">\n\n\n\t<div id=\"col-938105101\" class=\"col medium-6 small-12 large-6\"  >\n\t\t\t\t<div class=\"col-inner\"  >\n\t\t\t\n\t\t\t\n\n<p><span style=\"color: #800000;\"><strong>C\u00d4NG TY TNHH\u00a0WOA HEALTH<\/strong><\/span><\/p>\n<ul>\n<li><strong><span style=\"color: #800000;\">Nh\u00e0 ph\u00e2n ph\u1ed1i Nh\u1ee5y hoa ngh\u1ec7 t\u00e2y Iran &#8211; Saffon ch\u00ednh h\u00e3ng<\/span><\/strong><\/li>\n<li><strong>MST:\u00a0<\/strong>031567xxxx<\/li>\n<li><strong>Tr\u1ee5 s\u1edf:<\/strong>\u00a0L\u1ea7u 1 s\u1ed1 109\u00a0Nguy\u1ec5n V\u0103n Th\u01b0\u01a1ng (D1 c\u0169), Qu\u1eadn B\u00ecnh Th\u1ea1nh, Tp. H\u1ed3 Ch\u00ed Minh<\/li>\n<li><span style=\"color: #000000;\"><strong>Hotline:<\/strong> 086684xxx<\/span><\/li>\n<li><span style=\"color: #000000;\"><strong>Email:<\/strong> website.com.vn@gmail.com<\/span><\/li>\n<\/ul>\n\n\t\t<\/div>\n\t\t\t\t\t<\/div>\n\n\t\n\n\t<div id=\"col-1759930355\" class=\"col medium-6 small-12 large-6\"  >\n\t\t\t\t<div class=\"col-inner\"  >\n\t\t\t\n\t\t\t\n\n<div role=\"form\" class=\"wpcf7\" id=\"wpcf7-f510-o1\" lang=\"vi\" dir=\"ltr\">\n<div class=\"screen-reader-response\"><p role=\"status\" aria-live=\"polite\" aria-atomic=\"true\"><\/p> <ul><\/ul><\/div>\n<form action=\"\/index.php?rest_route=%2Fwp%2Fv2%2Fpages%2F32#wpcf7-f510-o1\" method=\"post\" class=\"wpcf7-form init\" novalidate=\"novalidate\" data-status=\"init\">\n<div style=\"display: none;\">\n<input type=\"hidden\" name=\"_wpcf7\" value=\"510\" \/>\n<input type=\"hidden\" name=\"_wpcf7_version\" value=\"5.6.3\" \/>\n<input type=\"hidden\" name=\"_wpcf7_locale\" value=\"vi\" \/>\n<input type=\"hidden\" name=\"_wpcf7_unit_tag\" value=\"wpcf7-f510-o1\" \/>\n<input type=\"hidden\" name=\"_wpcf7_container_post\" value=\"0\" \/>\n<input type=\"hidden\" name=\"_wpcf7_posted_data_hash\" value=\"\" \/>\n<\/div>\n<p><span class=\"wpcf7-form-control-wrap\" data-name=\"text-20\"><input type=\"text\" name=\"text-20\" value=\"\" size=\"40\" class=\"wpcf7-form-control wpcf7-text wpcf7-validates-as-required\" aria-required=\"true\" aria-invalid=\"false\" placeholder=\"T\u00ean c\u1ee7a b\u1ea1n...\" \/><\/span><br \/>\n<span class=\"wpcf7-form-control-wrap\" data-name=\"tel-368\"><input type=\"tel\" name=\"tel-368\" value=\"\" size=\"40\" class=\"wpcf7-form-control wpcf7-text wpcf7-tel wpcf7-validates-as-required wpcf7-validates-as-tel\" aria-required=\"true\" aria-invalid=\"false\" placeholder=\"S\u1ed1 \u0111i\u1ec7n tho\u1ea1i...\" \/><\/span><br \/>\n<span class=\"wpcf7-form-control-wrap\" data-name=\"textarea-22\"><textarea name=\"textarea-22\" cols=\"40\" rows=\"10\" class=\"wpcf7-form-control wpcf7-textarea\" aria-invalid=\"false\" placeholder=\"N\u1ed9i dung li\u00ean h\u1ec7\"><\/textarea><\/span><br \/>\n<input type=\"submit\" value=\"\u0110\u0103ng k\u00fd\" class=\"wpcf7-form-control has-spinner wpcf7-submit\" \/><\/p>\n<div class=\"wpcf7-response-output\" aria-hidden=\"true\"><\/div><\/form><\/div>\n\n\n\t\t<\/div>\n\t\t\t\t\t<\/div>\n\n\t\n\n<\/div>\n<p><iframe loading=\"lazy\" style=\"border: 0;\" src=\"https:\/\/www.google.com\/maps\/embed?pb=!1m14!1m8!1m3!1d31353.10211782864!2d106.718409!3d10.800759!3m2!1i1024!2i768!4f13.1!3m3!1m2!1s0x0%3A0x74d9621e6cefc022!2zU2FmZnJvbiBDaMOtbmggaMOjbmcgLSBOaOG7pXkgaG9hIG5naOG7hyB0w6J5IEJhaHJhbWFu!5e0!3m2!1svi!2sus!4v1564780300463!5m2!1svi!2sus\" width=\"100%\" height=\"250\" frameborder=\"0\" allowfullscreen=\"allowfullscreen\"><\/iframe><\/p>\n\n","protected":false},"excerpt":{"rendered":"","protected":false},"author":1,"featured_media":0,"parent":0,"menu_order":0,"comment_status":"closed","ping_status":"closed","template":"page-right-sidebar.php","meta":{"footnotes":""},"class_list":["post-32","page","type-page","status-publish","hentry"],"yoast_head":"<!-- This site is optimized with the Yoast SEO plugin v19.6.1 - https:\/\/yoast.com\/wordpress\/plugins\/seo\/ -->\n<title>Li\u00ean h\u1ec7 - Tr\u1ea7m h\u01b0\u01a1ng<\/title>\n<meta name=\"robots\" content=\"noindex, follow, max-snippet:-1, max-image-preview:large, max-video-preview:-1\" \/>\n<meta property=\"og:locale\" content=\"vi_VN\" \/>\n<meta property=\"og:type\" content=\"article\" \/>\n<meta property=\"og:title\" content=\"Li\u00ean h\u1ec7 - Tr\u1ea7m h\u01b0\u01a1ng\" \/>\n<meta property=\"og:url\" content=\"https:\/\/m.mmoempire-nasjcnsjknc-sabckbs-pgbogko-snacjasssos4.com\/?page_id=32\" \/>\n<meta property=\"og:site_name\" content=\"Tr\u1ea7m h\u01b0\u01a1ng\" \/>\n<meta property=\"article:modified_time\" content=\"2022-09-13T01:05:27+00:00\" \/>\n<meta name=\"twitter:card\" content=\"summary_large_image\" \/>\n<script type=\"application\/ld+json\" class=\"yoast-schema-graph\">{\"@context\":\"https:\/\/schema.org\",\"@graph\":[{\"@type\":\"WebPage\",\"@id\":\"https:\/\/m.mmoempire-nasjcnsjknc-sabckbs-pgbogko-snacjasssos4.com\/?page_id=32\",\"url\":\"https:\/\/m.mmoempire-nasjcnsjknc-sabckbs-pgbogko-snacjasssos4.com\/?page_id=32\",\"name\":\"Li\u00ean h\u1ec7 - Tr\u1ea7m h\u01b0\u01a1ng\",\"isPartOf\":{\"@id\":\"https:\/\/m.mmoempire-nasjcnsjknc-sabckbs-pgbogko-snacjasssos4.com\/#website\"},\"datePublished\":\"2019-08-02T15:54:36+00:00\",\"dateModified\":\"2022-09-13T01:05:27+00:00\",\"breadcrumb\":{\"@id\":\"https:\/\/m.mmoempire-nasjcnsjknc-sabckbs-pgbogko-snacjasssos4.com\/?page_id=32#breadcrumb\"},\"inLanguage\":\"vi\",\"potentialAction\":[{\"@type\":\"ReadAction\",\"target\":[\"https:\/\/m.mmoempire-nasjcnsjknc-sabckbs-pgbogko-snacjasssos4.com\/?page_id=32\"]}]},{\"@type\":\"BreadcrumbList\",\"@id\":\"https:\/\/m.mmoempire-nasjcnsjknc-sabckbs-pgbogko-snacjasssos4.com\/?page_id=32#breadcrumb\",\"itemListElement\":[{\"@type\":\"ListItem\",\"position\":1,\"name\":\"Trang ch\u1ee7\",\"item\":\"https:\/\/m.mmoempire-nasjcnsjknc-sabckbs-pgbogko-snacjasssos4.com\/\"},{\"@type\":\"ListItem\",\"position\":2,\"name\":\"Li\u00ean h\u1ec7\"}]},{\"@type\":\"WebSite\",\"@id\":\"https:\/\/m.mmoempire-nasjcnsjknc-sabckbs-pgbogko-snacjasssos4.com\/#website\",\"url\":\"https:\/\/m.mmoempire-nasjcnsjknc-sabckbs-pgbogko-snacjasssos4.com\/\",\"name\":\"Tr\u1ea7m h\u01b0\u01a1ng\",\"description\":\"\",\"potentialAction\":[{\"@type\":\"SearchAction\",\"target\":{\"@type\":\"EntryPoint\",\"urlTemplate\":\"https:\/\/m.mmoempire-nasjcnsjknc-sabckbs-pgbogko-snacjasssos4.com\/?s={search_term_string}\"},\"query-input\":\"required name=search_term_string\"}],\"inLanguage\":\"vi\"}]}<\/script>\n<!-- \/ Yoast SEO plugin. -->","yoast_head_json":{"title":"Li\u00ean h\u1ec7 - Tr\u1ea7m h\u01b0\u01a1ng","robots":{"index":"noindex","follow":"follow","max-snippet":"max-snippet:-1","max-image-preview":"max-image-preview:large","max-video-preview":"max-video-preview:-1"},"og_locale":"vi_VN","og_type":"article","og_title":"Li\u00ean h\u1ec7 - Tr\u1ea7m h\u01b0\u01a1ng","og_url":"https:\/\/m.mmoempire-nasjcnsjknc-sabckbs-pgbogko-snacjasssos4.com\/?page_id=32","og_site_name":"Tr\u1ea7m h\u01b0\u01a1ng","article_modified_time":"2022-09-13T01:05:27+00:00","twitter_card":"summary_large_image","schema":{"@context":"https:\/\/schema.org","@graph":[{"@type":"WebPage","@id":"https:\/\/m.mmoempire-nasjcnsjknc-sabckbs-pgbogko-snacjasssos4.com\/?page_id=32","url":"https:\/\/m.mmoempire-nasjcnsjknc-sabckbs-pgbogko-snacjasssos4.com\/?page_id=32","name":"Li\u00ean h\u1ec7 - Tr\u1ea7m h\u01b0\u01a1ng","isPartOf":{"@id":"https:\/\/m.mmoempire-nasjcnsjknc-sabckbs-pgbogko-snacjasssos4.com\/#website"},"datePublished":"2019-08-02T15:54:36+00:00","dateModified":"2022-09-13T01:05:27+00:00","breadcrumb":{"@id":"https:\/\/m.mmoempire-nasjcnsjknc-sabckbs-pgbogko-snacjasssos4.com\/?page_id=32#breadcrumb"},"inLanguage":"vi","potentialAction":[{"@type":"ReadAction","target":["https:\/\/m.mmoempire-nasjcnsjknc-sabckbs-pgbogko-snacjasssos4.com\/?page_id=32"]}]},{"@type":"BreadcrumbList","@id":"https:\/\/m.mmoempire-nasjcnsjknc-sabckbs-pgbogko-snacjasssos4.com\/?page_id=32#breadcrumb","itemListElement":[{"@type":"ListItem","position":1,"name":"Trang ch\u1ee7","item":"https:\/\/m.mmoempire-nasjcnsjknc-sabckbs-pgbogko-snacjasssos4.com\/"},{"@type":"ListItem","position":2,"name":"Li\u00ean h\u1ec7"}]},{"@type":"WebSite","@id":"https:\/\/m.mmoempire-nasjcnsjknc-sabckbs-pgbogko-snacjasssos4.com\/#website","url":"https:\/\/m.mmoempire-nasjcnsjknc-sabckbs-pgbogko-snacjasssos4.com\/","name":"Tr\u1ea7m h\u01b0\u01a1ng","description":"","potentialAction":[{"@type":"SearchAction","target":{"@type":"EntryPoint","urlTemplate":"https:\/\/m.mmoempire-nasjcnsjknc-sabckbs-pgbogko-snacjasssos4.com\/?s={search_term_string}"},"query-input":"required name=search_term_string"}],"inLanguage":"vi"}]}},"_links":{"self":[{"href":"https:\/\/m.mmoempire-nasjcnsjknc-sabckbs-pgbogko-snacjasssos4.com\/index.php?rest_route=\/wp\/v2\/pages\/32","targetHints":{"allow":["GET"]}}],"collection":[{"href":"https:\/\/m.mmoempire-nasjcnsjknc-sabckbs-pgbogko-snacjasssos4.com\/index.php?rest_route=\/wp\/v2\/pages"}],"about":[{"href":"https:\/\/m.mmoempire-nasjcnsjknc-sabckbs-pgbogko-snacjasssos4.com\/index.php?rest_route=\/wp\/v2\/types\/page"}],"author":[{"embeddable":true,"href":"https:\/\/m.mmoempire-nasjcnsjknc-sabckbs-pgbogko-snacjasssos4.com\/index.php?rest_route=\/wp\/v2\/users\/1"}],"replies":[{"embeddable":true,"href":"https:\/\/m.mmoempire-nasjcnsjknc-sabckbs-pgbogko-snacjasssos4.com\/index.php?rest_route=%2Fwp%2Fv2%2Fcomments&post=32"}],"version-history":[{"count":1,"href":"https:\/\/m.mmoempire-nasjcnsjknc-sabckbs-pgbogko-snacjasssos4.com\/index.php?rest_route=\/wp\/v2\/pages\/32\/revisions"}],"predecessor-version":[{"id":786,"href":"https:\/\/m.mmoempire-nasjcnsjknc-sabckbs-pgbogko-snacjasssos4.com\/index.php?rest_route=\/wp\/v2\/pages\/32\/revisions\/786"}],"wp:attachment":[{"href":"https:\/\/m.mmoempire-nasjcnsjknc-sabckbs-pgbogko-snacjasssos4.com\/index.php?rest_route=%2Fwp%2Fv2%2Fmedia&parent=32"}],"curies":[{"name":"wp","href":"https:\/\/api.w.org\/{rel}","templated":true}]}}